{"id":82,"date":"2020-06-03T20:55:10","date_gmt":"2020-06-03T17:55:10","guid":{"rendered":"http:\/\/www.teknikdetay.com.tr\/?page_id=82"},"modified":"2020-07-15T21:05:21","modified_gmt":"2020-07-15T18:05:21","slug":"hakkimizda","status":"publish","type":"page","link":"http:\/\/www.teknikdetay.com.tr\/index.php\/hakkimizda\/","title":{"rendered":"Hakk\u0131m\u0131zda"},"content":{"rendered":"\n<figure class=\"wp-block-image size-large\"><img loading=\"lazy\" decoding=\"async\" width=\"1000\" height=\"570\" src=\"http:\/\/www.teknikdetay.com.tr\/wp-content\/uploads\/2020\/06\/about.jpg\" alt=\"\" class=\"wp-image-83\" srcset=\"http:\/\/www.teknikdetay.com.tr\/wp-content\/uploads\/2020\/06\/about.jpg 1000w, http:\/\/www.teknikdetay.com.tr\/wp-content\/uploads\/2020\/06\/about-300x171.jpg 300w, http:\/\/www.teknikdetay.com.tr\/wp-content\/uploads\/2020\/06\/about-768x438.jpg 768w\" sizes=\"auto, (max-width: 1000px) 100vw, 1000px\" \/><\/figure>\n\n\n\n<div class=\"wp-block-safirtema-mainheading mainHeading\"><div class=\"inner\"><div class=\"icon safiricon icon37\"><\/div><div class=\"text\">Tenik Detay Firmam\u0131z Hakk\u0131nda Bilgiler<\/div><\/div><\/div>\n\n\n\n<p>G\u00fcn\u00fcm\u00fcz Teknolojiyi en iyi \u015fekilde kullanma zaman\u0131d\u0131r. Bunu kullanmas\u0131n\u0131 bilen i\u015fletmeler kar paylar\u0131n\u0131 art\u0131racak ve en verimli \u00fcretim sistemlerine ula\u015facaklard\u0131r. 2003 y\u0131l\u0131nda kurulan firmam\u0131z o tarihten itibaren bu hizmete y\u00f6nelik faaliyetlerini geli\u015ftirmi\u015f ve hizmet program\u0131n\u0131 bu felsefe \u00fczerine yapm\u0131\u015ft\u0131r. Firmam\u0131z kuruldu\u011fu g\u00fcnden itibaren hem ta\u015feron olarak hemde alt ta\u015feron olarak pek \u00e7ok ciddi projeye imza atm\u0131\u015ft\u0131r. Bizim ana felsefemiz en iyi hizmeti vermek olmu\u015ftur.\u00d6nceli\u011fimiz en uygun sistemi bulmak daha sonra da bunu uygulamak  olmu\u015ftur. Firmam\u0131z hem saha da hemde m\u00fc\u015fteri dan\u0131\u015fmanl\u0131\u011f\u0131 konusun da uzman teknik ve uygulama kadrosu ile zaman ve mesafeyi d\u00fc\u015f\u00fcnmeden hizmet vermek i\u00e7in yar\u0131\u015fmaktad\u0131r. Ana amac\u0131m\u0131z insan sa\u011fl\u0131\u011f\u0131n\u0131 \u00f6n plana \u00e7\u0131kartan,i\u015f verimini art\u0131ran sistemleri m\u00fc\u015fterilerimize sunmakt\u0131r.<\/p>\n\n\n\n<div class=\"wp-block-safirtema-mainheading mainHeading\"><div class=\"inner\"><div class=\"icon safiricon icon35\"><\/div><div class=\"text\">\u00c7\u00f6z\u00fcm Ortaklar\u0131m\u0131z<\/div><\/div><\/div>\n\n\n\n<ul class=\"wp-block-list\"><li>At vero eos et accusam et justo duo dolores et ea rebum. <\/li><li>Stet clita kasd gubergren, no sea takimata sanctus est. <\/li><li>Lorem ipsum dolor sit amet. <\/li><li>Lorem ipsum dolor sit amet, consetetur sadipscing elitr.<\/li><\/ul>\n\n\n\n<p>Lorem ipsum dolor sit amet. Lorem ipsum dolor sit amet, consetetur sadipscing elitr. Lorem ipsum dolor sit amet. Lorem ipsum dolor sit amet, consetetur sadipscing elitr.<\/p>\n\n\n\n<div class=\"wp-block-safirtema-mainheading mainHeading\"><div class=\"inner\"><div class=\"icon safiricon icon25\"><\/div><div class=\"text\">Genel \u00c7al\u0131\u015fma Alanlar\u0131m\u0131z<\/div><\/div><\/div>\n\n\n\n<div class=\"wp-block-safirtema-sorucevap safir-faq\"><div class=\"question\"><div class=\"icon\"><\/div><span class=\"text\">Hangi sekt\u00f6rlere hizmet veriyoruz ?<\/span><div class=\"openclose\"><\/div><\/div><p class=\"answer\"><code>GENEL \u00c7AL<\/code>I<code>\u015eMA ALANLARIMIZ:Hastaneler,sanayi tesisleri(fabrikalar,antrepolar).<\/code><br\/>labaratuvarlar,so\u011fuk hava depolar\u0131,ecza depolar\u0131,mutfaklar,silolar,g\u0131da depolar\u0131,otoparklar(kapal\u0131 ya da a\u00e7\u0131k) vede bug\u00fcn gittik\u00e7e artan talep ve istekler ile konutlarda uygulamalar yap\u0131lmaktad\u0131r.<br\/>Oteller,yak\u0131t tanklar\u0131,asit tanklar\u0131,kanal ve borular,\u00fcretim depolama tesisleri,ila\u00e7 fabrikalar\u0131, havaalanlar\u0131,hangarlar,ameliyathaneler,bilgisayar odalar\u0131,ma\u011fazalar,yemekhaneler,et kombinalar\u0131, tv st\u00fcdyolar\u0131,h\u0131yjenik olmas\u0131 gereken ortamlar,\u00e7elik konstriksiyonlar,su depolar\u0131,bina teraslar\u0131,<br\/>araba galerileri,oto servis alanlar\u0131,toplu konutlar.<br\/><code>Re\u00e7ine esasl\u0131 ve \u00e7imento esasl\u0131 t\u00fcm kaplama sistemleri firmam\u0131zca itina ile<\/code><br\/>uygulanmaktad\u0131r.<\/p><\/div>\n\n\n\n<div class=\"wp-block-safirtema-sorucevap safir-faq\"><div class=\"question\"><div class=\"icon\"><\/div><span class=\"text\">Di\u011fer bilgiler bu b\u00f6l\u00fcme yaz\u0131lacak..<\/span><div class=\"openclose\"><\/div><\/div><p class=\"answer\">Di\u011fer bilgiler..<\/p><\/div>\n\n\n\n<p>Di\u011fer bilgiler..<\/p>\n\n\n\n<div class=\"wp-block-safirtema-bgtext descriptionbox railways\"><div class=\"inner\"><div class=\"icon safiricon icon8\"><\/div><div class=\"header\">B\u00fcy\u00fck A\u00e7\u0131klama Kutusu<\/div><p class=\"content\">Bu kutucu\u011fa, \u00f6nemli bilgileri yazaca\u011f\u0131z..<\/p><\/div><\/div>\n\n\n\n<p>Alt k\u0131s\u0131mda farkl\u0131 bilgiler yer alacak. Teknik detay..<\/p>\n\n\n\n<a class=\"wp-block-safirtema-safirbutton safirButton safiricon icon18\" href=\"#\">Blog yaz\u0131lar\u0131m\u0131za g\u00f6z att\u0131n\u0131z m\u0131 ?<\/a>\n","protected":false},"excerpt":{"rendered":"<p>G\u00fcn\u00fcm\u00fcz Teknolojiyi en iyi \u015fekilde kullanma zaman\u0131d\u0131r. Bunu kullanmas\u0131n\u0131 bilen i\u015fletmeler kar paylar\u0131n\u0131 art\u0131racak ve en verimli \u00fcretim sistemlerine ula\u015facaklard\u0131r. 2003 y\u0131l\u0131nda kurulan firmam\u0131z o tarihten itibaren bu hizmete y\u00f6nelik faaliyetlerini geli\u015ftirmi\u015f ve hizmet program\u0131n\u0131 bu felsefe \u00fczerine yapm\u0131\u015ft\u0131r. Firmam\u0131z kuruldu\u011fu g\u00fcnden itibaren hem ta\u015feron olarak hemde alt ta\u015feron olarak pek \u00e7ok ciddi projeye imza [&hellip;]<\/p>\n","protected":false},"author":1,"featured_media":0,"parent":0,"menu_order":0,"comment_status":"closed","ping_status":"closed","template":"","meta":{"footnotes":""},"class_list":["post-82","page","type-page","status-publish","hentry"],"_links":{"self":[{"href":"http:\/\/www.teknikdetay.com.tr\/index.php\/wp-json\/wp\/v2\/pages\/82","targetHints":{"allow":["GET"]}}],"collection":[{"href":"http:\/\/www.teknikdetay.com.tr\/index.php\/wp-json\/wp\/v2\/pages"}],"about":[{"href":"http:\/\/www.teknikdetay.com.tr\/index.php\/wp-json\/wp\/v2\/types\/page"}],"author":[{"embeddable":true,"href":"http:\/\/www.teknikdetay.com.tr\/index.php\/wp-json\/wp\/v2\/users\/1"}],"replies":[{"embeddable":true,"href":"http:\/\/www.teknikdetay.com.tr\/index.php\/wp-json\/wp\/v2\/comments?post=82"}],"version-history":[{"count":4,"href":"http:\/\/www.teknikdetay.com.tr\/index.php\/wp-json\/wp\/v2\/pages\/82\/revisions"}],"predecessor-version":[{"id":272,"href":"http:\/\/www.teknikdetay.com.tr\/index.php\/wp-json\/wp\/v2\/pages\/82\/revisions\/272"}],"wp:attachment":[{"href":"http:\/\/www.teknikdetay.com.tr\/index.php\/wp-json\/wp\/v2\/media?parent=82"}],"curies":[{"name":"wp","href":"https:\/\/api.w.org\/{rel}","templated":true}]}}