{"id":52,"date":"2020-06-03T19:33:07","date_gmt":"2020-06-03T16:33:07","guid":{"rendered":"http:\/\/www.teknikdetay.com.tr\/?page_id=52"},"modified":"2020-08-09T15:03:51","modified_gmt":"2020-08-09T12:03:51","slug":"sikca-sorulan-sorular","status":"publish","type":"page","link":"http:\/\/www.teknikdetay.com.tr\/index.php\/sikca-sorulan-sorular\/","title":{"rendered":"S\u0131k\u00e7a Sorulan Sorular"},"content":{"rendered":"\n<p>Bu sayfada\u00a0<strong>Soru Cevap<\/strong>\u00a0blo\u011funu kullan\u0131larak firmam\u0131za s\u0131k\u00e7a sorulan sorulara cevap bulabilirsiniz.<\/p>\n\n\n\n<div class=\"wp-block-safirtema-sorucevap safir-faq\"><div class=\"question\"><div class=\"icon\"><\/div><span class=\"text\">1)\tNeden su izolasyonu?<\/span><div class=\"openclose\"><\/div><\/div><p class=\"answer\">\u00d6ncelik sizin sa\u011fl\u0131\u011f\u0131n\u0131zd\u0131r. \u0130kinci en \u00f6nemli fakt\u00f6r binan\u0131n \u00f6mr\u00fcn\u00fcn uzat\u0131lmas\u0131d\u0131r. Su izolasyonu yap\u0131lmas\u0131n\u0131n sebebi; yer alt\u0131 sular\u0131 ve bu sularla gelen kimyasal ve biyolojik organizmalar\u0131n bina i\u00e7ine girmesine engel olmakt\u0131r. Olu\u015fan nem binan\u0131n bakteri deposu haline gelmesine sebep olur bu da ciddi kronik hastal\u0131klara sebebiyet verecektir. Bina i\u00e7in ise tuz ve kimyasal maddeler mevcut donat\u0131 \u00fczerinde oksidasyon (korozyon) sebep verece\u011fi i\u00e7in binan\u0131z\u0131n \u00e7\u00fcr\u00fcmesine ve zay\u0131flamas\u0131na sebep verecektir. Bu durumlarla kar\u015f\u0131la\u015fmamak i\u00e7in su izolasyonu yap\u0131lmas\u0131 mecburidir.<\/p><\/div>\n\n\n\n<div class=\"wp-block-safirtema-sorucevap safir-faq\"><div class=\"question\"><div class=\"icon\"><\/div><span class=\"text\">2)\tNeden ses izolasyonu?<\/span><div class=\"openclose\"><\/div><\/div><p class=\"answer\">Ses izolasyonundaki temel ama\u00e7 insan sa\u011fl\u0131\u011f\u0131d\u0131r. Y\u00fcksek desibel sesler hem psikolojik hem de fiziksel olarak insan sa\u011fl\u0131\u011f\u0131na etki eden fakt\u00f6rlerdir. Bu y\u00fczden ses izolasyonu yap\u0131lmas\u0131 verilecek en sa\u011fl\u0131kl\u0131 kararlardan biridir.<\/p><\/div>\n\n\n\n<div class=\"wp-block-safirtema-sorucevap safir-faq\"><div class=\"question\"><div class=\"icon\"><\/div><span class=\"text\">3)\tNeden \u0131s\u0131 izolasyonu?<\/span><div class=\"openclose\"><\/div><\/div><p class=\"answer\">Is\u0131 izolasyonunda temel ama\u00e7 ekonomik nedenlerdir. Cebinizden enerjiye daha az para \u00f6demek i\u00e7in \u0131s\u0131 izolasyonu yap\u0131lmas\u0131 gerekmektedir.<\/p><\/div>\n\n\n\n<div class=\"wp-block-safirtema-sorucevap safir-faq\"><div class=\"question\"><div class=\"icon\"><\/div><span class=\"text\">4)\tNeden Epoksi kaplama?<\/span><div class=\"openclose\"><\/div><\/div><p class=\"answer\">Epoksi kaplamalar y\u00fcksek bir koruma sistemidir. Temel ama\u00e7 zemin betonunuzun daha uzun \u00f6m\u00fcrl\u00fc olarak size hizmet vermesini sa\u011flamakt\u0131r. Ayr\u0131ca dekoratif bir g\u00f6r\u00fcnt\u00fc olu\u015fturur. Bununla birlikte i\u015fletmenizi daha kullan\u0131l\u0131r hale getirmektedir.<\/p><\/div>\n\n\n\n<div class=\"wp-block-safirtema-sorucevap safir-faq\"><div class=\"question\"><div class=\"icon\"><\/div><span class=\"text\">5)\tNeden Poli\u00fcretan zemin kaplama?<\/span><div class=\"openclose\"><\/div><\/div><p class=\"answer\">Poli\u00fcretan kaplaman\u0131n en b\u00fcy\u00fck \u00f6zelli\u011fi elastiki olmas\u0131d\u0131r. Temel ama\u00e7 Epoksi ile ayn\u0131d\u0131r. Epoksi\u2019den fark\u0131 \u00e7atlamalara ve k\u0131r\u0131lmalara kar\u015f\u0131 daha dayan\u0131kl\u0131 olmas\u0131d\u0131r.<\/p><\/div>\n\n\n\n<div class=\"wp-block-safirtema-sorucevap safir-faq\"><div class=\"question\"><div class=\"icon\"><\/div><span class=\"text\">6)\tNeden MMA zemin kaplama? <\/span><div class=\"openclose\"><\/div><\/div><p class=\"answer\">MMA zemin kaplamas\u0131nda, Epoksi ve poli\u00fcretan zemin kaplamada oldu\u011fu gibi ama\u00e7 ayn\u0131d\u0131r. Fark\u0131 ise y\u00fcksek mukavemet ve h\u0131zl\u0131 k\u00fcllenmedir.<\/p><\/div>\n","protected":false},"excerpt":{"rendered":"<p>Bu sayfada\u00a0Soru Cevap\u00a0blo\u011funu kullan\u0131larak firmam\u0131za s\u0131k\u00e7a sorulan sorulara cevap bulabilirsiniz.<\/p>\n","protected":false},"author":1,"featured_media":0,"parent":0,"menu_order":0,"comment_status":"closed","ping_status":"closed","template":"","meta":{"footnotes":""},"class_list":["post-52","page","type-page","status-publish","hentry"],"_links":{"self":[{"href":"http:\/\/www.teknikdetay.com.tr\/index.php\/wp-json\/wp\/v2\/pages\/52","targetHints":{"allow":["GET"]}}],"collection":[{"href":"http:\/\/www.teknikdetay.com.tr\/index.php\/wp-json\/wp\/v2\/pages"}],"about":[{"href":"http:\/\/www.teknikdetay.com.tr\/index.php\/wp-json\/wp\/v2\/types\/page"}],"author":[{"embeddable":true,"href":"http:\/\/www.teknikdetay.com.tr\/index.php\/wp-json\/wp\/v2\/users\/1"}],"replies":[{"embeddable":true,"href":"http:\/\/www.teknikdetay.com.tr\/index.php\/wp-json\/wp\/v2\/comments?post=52"}],"version-history":[{"count":4,"href":"http:\/\/www.teknikdetay.com.tr\/index.php\/wp-json\/wp\/v2\/pages\/52\/revisions"}],"predecessor-version":[{"id":297,"href":"http:\/\/www.teknikdetay.com.tr\/index.php\/wp-json\/wp\/v2\/pages\/52\/revisions\/297"}],"wp:attachment":[{"href":"http:\/\/www.teknikdetay.com.tr\/index.php\/wp-json\/wp\/v2\/media?parent=52"}],"curies":[{"name":"wp","href":"https:\/\/api.w.org\/{rel}","templated":true}]}}