{"id":23,"date":"2020-06-03T13:20:43","date_gmt":"2020-06-03T10:20:43","guid":{"rendered":"http:\/\/www.teknikdetay.com.tr\/?page_id=23"},"modified":"2020-07-17T22:13:01","modified_gmt":"2020-07-17T19:13:01","slug":"cozum-ortaklari","status":"publish","type":"page","link":"http:\/\/www.teknikdetay.com.tr\/index.php\/cozum-ortaklari\/","title":{"rendered":"Hizmetlerimiz"},"content":{"rendered":"\n<h2 class=\"wp-block-heading\"><strong>END\u00dcSTR\u0130YEL ZEM\u0130N KAPLAMALARI<\/strong><\/h2>\n\n\n\n<p><strong>EPOKS\u0130 ZEM\u0130N KAPLAMALARI<\/strong><\/p>\n\n\n\n<pre class=\"wp-block-code\"><code>Epoksi zemin boyalar\u0131                       \nEpoksi multilayer zemin kaplamalar\u0131                     \nEpoksi selflevelling zemin kaplamalar\u0131                      \nEpoksi mortar kaplamalar\u0131                       \nAntistatik zemin kaplamalar\u0131                        \nVinilester re\u00e7ineli \u00f6zel kaplamalar                     \nZemin koruma sistemleri                     <\/code><\/pre>\n\n\n\n<p><strong>POL\u0130\u00dcRETAN ZEM\u0130N KAPLAMALARI<\/strong><\/p>\n\n\n\n<pre class=\"wp-block-code\"><code>Poli\u00fcretan zemin boyalar\u0131                       \nPoli\u00fcretan selflevelling zemin kaplamalar\u0131                      \nKapal\u0131 ya da a\u00e7\u0131k Spor sahalar\u0131 Poli\u00fcretan kaplamalar\u0131                      \nPoli\u00fcretan esasl\u0131 duvar kaplamalar\u0131                     <\/code><\/pre>\n\n\n\n<p><strong>\u0130ZOLASYON S\u0130STEMLER\u0130<\/strong><\/p>\n\n\n\n<p><strong>SU \u0130ZOLASYONU<\/strong><\/p>\n\n\n\n<pre class=\"wp-block-code\"><code>Temel alt\u0131 boh\u00e7alama                        \nBA Perde izolasyonlar\u0131                      \nSu depolar\u0131                     \nIslak hacim izolasyonlar\u0131                       \nTeraslar                        \n\u0130\u00e7erden negatif bas\u0131nca dayan\u0131kl\u0131 su izolasyonlar\u0131                      \n\u00c7at\u0131 izolasyonlar\u0131                      \nDere ve kanal izolasyonlar\u0131                     \nAt\u0131k su deposu izolasyonlar\u0131                        \nHavuz izolasyonlar\u0131                     \nDinlenme tank\u0131 su deposu izolasyonlar\u0131                      <\/code><\/pre>\n\n\n\n<p><strong>ISI YALITIMI<\/strong><\/p>\n\n\n\n<pre class=\"wp-block-code\"><code>D\u0131\u015f cephe \u0131s\u0131 yal\u0131t\u0131m\u0131                      \n\u0130\u00e7erden \u0131s\u0131 yal\u0131t\u0131m\u0131                        \nD\u0131\u015f cephe ve i\u00e7erden dekoratif sistemler                        <\/code><\/pre>\n\n\n\n<p><strong>SES \u0130ZOLASYONU<\/strong><\/p>\n\n\n\n<pre class=\"wp-block-code\"><code>Ses izolasyonu                      \nAkustik ses izolasyonu                      <\/code><\/pre>\n\n\n\n<p><strong>B\u0130NA G\u00dc\u00c7LEND\u0130RME VE ONARIM<\/strong><\/p>\n\n\n\n<pre class=\"wp-block-code\"><code>Epoksi enjeksiyonlar                        \nPoli\u00fcretan enjeksiyonlar                        \nFiliz ekimi ve ankrajlar                        \nBetonarme onar\u0131mlar                     \nZemin g\u00fc\u00e7lendirme ve onar\u0131m sistemleri                      \n\u00c7atlak onar\u0131m ve g\u00fc\u00e7lendirmeleri                        <\/code><\/pre>\n\n\n\n<p>ZEM\u0130N PARLATMA VE ZEM\u0130N D\u00dcZELTME<\/p>\n\n\n\n<pre class=\"wp-block-code\"><code>Eski zemin onar\u0131mlar\u0131 ve parlatma                       \nYeni zemin d\u00fczeltme ve parlatma                     \nBozuk zeminlerin imalat \u00f6ncesi d\u00fczeltilmesi ve haz\u0131r hale getirilmesi                       <\/code><\/pre>\n","protected":false},"excerpt":{"rendered":"<p>END\u00dcSTR\u0130YEL ZEM\u0130N KAPLAMALARI EPOKS\u0130 ZEM\u0130N KAPLAMALARI POL\u0130\u00dcRETAN ZEM\u0130N KAPLAMALARI \u0130ZOLASYON S\u0130STEMLER\u0130 SU \u0130ZOLASYONU ISI YALITIMI SES \u0130ZOLASYONU B\u0130NA G\u00dc\u00c7LEND\u0130RME VE ONARIM ZEM\u0130N PARLATMA VE ZEM\u0130N D\u00dcZELTME<\/p>\n","protected":false},"author":1,"featured_media":0,"parent":0,"menu_order":0,"comment_status":"closed","ping_status":"closed","template":"pages\/page-references.php","meta":{"footnotes":""},"class_list":["post-23","page","type-page","status-publish","hentry"],"_links":{"self":[{"href":"http:\/\/www.teknikdetay.com.tr\/index.php\/wp-json\/wp\/v2\/pages\/23","targetHints":{"allow":["GET"]}}],"collection":[{"href":"http:\/\/www.teknikdetay.com.tr\/index.php\/wp-json\/wp\/v2\/pages"}],"about":[{"href":"http:\/\/www.teknikdetay.com.tr\/index.php\/wp-json\/wp\/v2\/types\/page"}],"author":[{"embeddable":true,"href":"http:\/\/www.teknikdetay.com.tr\/index.php\/wp-json\/wp\/v2\/users\/1"}],"replies":[{"embeddable":true,"href":"http:\/\/www.teknikdetay.com.tr\/index.php\/wp-json\/wp\/v2\/comments?post=23"}],"version-history":[{"count":5,"href":"http:\/\/www.teknikdetay.com.tr\/index.php\/wp-json\/wp\/v2\/pages\/23\/revisions"}],"predecessor-version":[{"id":273,"href":"http:\/\/www.teknikdetay.com.tr\/index.php\/wp-json\/wp\/v2\/pages\/23\/revisions\/273"}],"wp:attachment":[{"href":"http:\/\/www.teknikdetay.com.tr\/index.php\/wp-json\/wp\/v2\/media?parent=23"}],"curies":[{"name":"wp","href":"https:\/\/api.w.org\/{rel}","templated":true}]}}